{"id":7253,"date":"2016-07-26T19:25:08","date_gmt":"2016-07-26T17:25:08","guid":{"rendered":"https:\/\/ekubergpharma.com\/?page_id=7253"},"modified":"2020-06-26T18:43:38","modified_gmt":"2020-06-26T16:43:38","slug":"ricerca","status":"publish","type":"page","link":"https:\/\/ekubergpharma.com\/it\/ricerca\/","title":{"rendered":"Ricerca &#038; Collaborazioni"},"content":{"rendered":"<div id=\"pl-7253\"  class=\"panel-layout\" ><div id=\"pg-7253-0\"  class=\"panel-grid panel-has-style\" ><div class=\"siteorigin-panels-stretch panel-row-style panel-row-style-for-7253-0\" data-stretch-type=\"full-stretched\" ><div id=\"pgc-7253-0-0\"  class=\"panel-grid-cell\" ><div id=\"panel-7253-0-0-0\" class=\"so-panel widget panel-first-child panel-last-child\" data-index=\"0\" ><div class=\"panel-widget-style panel-widget-style-for-7253-0-0-0\" ><\/div><\/div><\/div><\/div><\/div><div id=\"pg-7253-1\"  class=\"panel-grid panel-has-style\" ><div class=\"features-list-alternate siteorigin-panels-stretch panel-row-style panel-row-style-for-7253-1\" data-stretch-type=\"full\" ><div id=\"pgc-7253-1-0\"  class=\"panel-grid-cell\" ><div id=\"panel-7253-1-0-0\" class=\"so-panel widget panel-first-child panel-last-child\" data-index=\"1\" ><div class=\"panel-widget-style panel-widget-style-for-7253-1-0-0\" ><\/div><\/div><\/div><\/div><\/div><div id=\"pg-7253-2\"  class=\"panel-grid panel-has-style\" ><div class=\"siteorigin-panels-stretch panel-row-style panel-row-style-for-7253-2\" data-stretch-type=\"full\" ><div id=\"pgc-7253-2-0\"  class=\"panel-grid-cell\" ><div id=\"panel-7253-2-0-0\" class=\"so-panel widget panel-first-child panel-last-child\" data-index=\"2\" ><div class=\"panel-widget-style panel-widget-style-for-7253-2-0-0\" ><\/div><\/div><\/div><div id=\"pgc-7253-2-1\"  class=\"panel-grid-cell\" ><div id=\"panel-7253-2-1-0\" class=\"so-panel widget panel-first-child panel-last-child\" data-index=\"3\" ><\/div><\/div><\/div><\/div><div id=\"pg-7253-3\"  class=\"panel-grid panel-has-style\" ><div class=\"features-list-alternate siteorigin-panels-stretch panel-row-style panel-row-style-for-7253-3\" data-stretch-type=\"full\" ><div id=\"pgc-7253-3-0\"  class=\"panel-grid-cell\" ><div id=\"panel-7253-3-0-0\" class=\"so-panel widget panel-first-child panel-last-child\" data-index=\"4\" ><div class=\"panel-widget-style panel-widget-style-for-7253-3-0-0\" ><\/div><\/div><\/div><\/div><\/div><div id=\"pg-7253-4\"  class=\"panel-grid panel-has-style\" ><div class=\"features-list-alternate siteorigin-panels-stretch panel-row-style panel-row-style-for-7253-4\" data-stretch-type=\"full-stretched-padded\" ><div id=\"pgc-7253-4-0\"  class=\"panel-grid-cell\" ><div id=\"panel-7253-4-0-0\" class=\"so-panel widget widget_rev-slider-widget widget_revslider panel-first-child panel-last-child\" data-index=\"5\" >\n\t\t\t<!-- START collaborazioni REVOLUTION SLIDER 6.7.40 --><p class=\"rs-p-wp-fix\"><\/p>\n\t\t\t<rs-module-wrap id=\"rev_slider_6_1_wrapper\" data-source=\"gallery\" style=\"visibility:hidden;background:transparent;padding:0;margin:0px auto;margin-top:0;margin-bottom:0;\">\n\t\t\t\t<rs-module id=\"rev_slider_6_1\" style=\"\" data-version=\"6.7.40\">\n\t\t\t\t\t<rs-slides style=\"overflow: hidden; position: absolute;\">\n\t\t\t\t\t\t<rs-slide style=\"position: absolute;\" data-key=\"rs-18\" data-title=\"Slide\" data-anim=\"adpr:false;\">\n\t\t\t\t\t\t\t<img decoding=\"async\" src=\"\/\/ekubergpharma.com\/wp-content\/plugins\/revslider\/sr6\/assets\/assets\/dummy.png\" alt=\"\" title=\"Ricerca &#038; Collaborazioni\" class=\"rev-slidebg tp-rs-img rs-lazyload\" data-lazyload=\"\/\/ekubergpharma.com\/wp-content\/uploads\/2016\/07\/testata-collaborazioni-lunga.jpg\" data-no-retina>\n<!--\n\t\t\t\t\t\t\t--><rs-layer\n\t\t\t\t\t\t\t\tid=\"slider-6-slide-18-layer-1\" \n\t\t\t\t\t\t\t\tclass=\"medium_bg_austin\"\n\t\t\t\t\t\t\t\tdata-type=\"text\"\n\t\t\t\t\t\t\t\tdata-color=\"rgba(255,255,255,1)\"\n\t\t\t\t\t\t\t\tdata-rsp_ch=\"on\"\n\t\t\t\t\t\t\t\tdata-xy=\"x:98px;y:150px;\"\n\t\t\t\t\t\t\t\tdata-text=\"s:16;l:20;\"\n\t\t\t\t\t\t\t\tdata-padding=\"t:10;r:10;b:10;l:10;\"\n\t\t\t\t\t\t\t\tdata-frame_0=\"x:left;o:1;tp:600;\"\n\t\t\t\t\t\t\t\tdata-frame_1=\"tp:600;e:power4.inOut;st:300;\"\n\t\t\t\t\t\t\t\tdata-frame_999=\"x:0;y:0;z:0;sX:75;sY:75;o:0;rX:0;rY:0;rZ:0;skX:0;skY:0;tp:600;e:nothing;st:w;\"\n\t\t\t\t\t\t\t\tstyle=\"z-index:5;background-color:rgba(0,195,181,1);font-family:'Montserrat';letter-spacing:4px;text-transform:uppercase;\"\n\t\t\t\t\t\t\t>COLLABORAZIONI \n\t\t\t\t\t\t\t<\/rs-layer><!--\n\n\t\t\t\t\t\t\t--><rs-layer\n\t\t\t\t\t\t\t\tid=\"slider-6-slide-18-layer-2\" \n\t\t\t\t\t\t\t\tclass=\"large_bg_black\"\n\t\t\t\t\t\t\t\tdata-type=\"text\"\n\t\t\t\t\t\t\t\tdata-color=\"rgba(255,255,255,1)\"\n\t\t\t\t\t\t\t\tdata-rsp_ch=\"on\"\n\t\t\t\t\t\t\t\tdata-xy=\"x:98px;y:194px;\"\n\t\t\t\t\t\t\t\tdata-text=\"s:18;l:24;fw:700;\"\n\t\t\t\t\t\t\t\tdata-padding=\"t:10;r:20;b:15;l:20;\"\n\t\t\t\t\t\t\t\tdata-frame_0=\"y:50px;tp:600;\"\n\t\t\t\t\t\t\t\tdata-frame_1=\"tp:600;e:power4.inOut;st:300;\"\n\t\t\t\t\t\t\t\tdata-frame_999=\"x:0;y:0;z:0;sX:75;sY:75;o:0;rX:0;rY:0;rZ:0;skX:0;skY:0;tp:600;e:nothing;st:w;\"\n\t\t\t\t\t\t\t\tstyle=\"z-index:6;background-color:rgba(0,0,0,0.50);font-family:'Montserrat';text-transform:uppercase;letter-spacing:4px;\"\n\t\t\t\t\t\t\t>UN LAVORO DI SQUADRA \n\t\t\t\t\t\t\t<\/rs-layer><!--\n-->\t\t\t\t\t<\/rs-slide>\n\t\t\t\t\t<\/rs-slides>\n\t\t\t\t<\/rs-module>\n\t\t\t\t<script>\n\t\t\t\t\tsetREVStartSize({c: 'rev_slider_6_1',rl:[1240,1024,768,480],el:[],gw:[1140],gh:[400],type:'hero',justify:'',layout:'fullwidth',mh:\"0\"});if (window.RS_MODULES!==undefined && window.RS_MODULES.modules!==undefined && window.RS_MODULES.modules[\"revslider61\"]!==undefined) {window.RS_MODULES.modules[\"revslider61\"].once = false;window.revapi6 = undefined;if (window.RS_MODULES.checkMinimal!==undefined) window.RS_MODULES.checkMinimal()}\n\t\t\t\t<\/script>\n\t\t\t<\/rs-module-wrap>\n\t\t\t<!-- END REVOLUTION SLIDER -->\n<\/div><\/div><\/div><\/div><div id=\"pg-7253-5\"  class=\"panel-grid panel-has-style\" ><div class=\"siteorigin-panels-stretch panel-row-style panel-row-style-for-7253-5\" data-stretch-type=\"full-stretched-padded\" ><div id=\"pgc-7253-5-0\"  class=\"panel-grid-cell\" ><div id=\"panel-7253-5-0-0\" class=\"so-panel widget panel-first-child panel-last-child\" data-index=\"6\" ><div class=\"panel-widget-style panel-widget-style-for-7253-5-0-0\" ><\/div><\/div><\/div><\/div><\/div><div id=\"pg-7253-6\"  class=\"panel-grid panel-has-style\" ><div class=\"features-list-alternate siteorigin-panels-stretch panel-row-style panel-row-style-for-7253-6\" data-stretch-type=\"full\" ><div id=\"pgc-7253-6-0\"  class=\"panel-grid-cell\" ><div id=\"panel-7253-6-0-0\" class=\"so-panel widget panel-first-child panel-last-child\" data-index=\"7\" ><div class=\"panel-widget-style panel-widget-style-for-7253-6-0-0\" ><\/div><\/div><\/div><\/div><\/div><div id=\"pg-7253-7\"  class=\"panel-grid panel-has-style\" ><div class=\"siteorigin-panels-stretch panel-row-style panel-row-style-for-7253-7\" data-stretch-type=\"full\" ><div id=\"pgc-7253-7-0\"  class=\"panel-grid-cell\" ><div id=\"panel-7253-7-0-0\" class=\"so-panel widget panel-first-child panel-last-child\" data-index=\"8\" ><div class=\"panel-widget-style panel-widget-style-for-7253-7-0-0\" ><\/div><\/div><\/div><div id=\"pgc-7253-7-1\"  class=\"panel-grid-cell\" ><div id=\"panel-7253-7-1-0\" class=\"so-panel widget panel-first-child panel-last-child\" data-index=\"9\" ><div class=\"panel-widget-style panel-widget-style-for-7253-7-1-0\" ><\/div><\/div><\/div><\/div><\/div><\/div>","protected":false},"excerpt":{"rendered":"<p>&nbsp; \u201cNiente nella vita va temuto, dev\u2019essere solamente compreso. Ora \u00e8 tempo di comprendere di pi\u00f9, cos\u00ec possiamo temere di meno\u201d \u00a0Marie Curie &nbsp;<\/p>\n","protected":false},"author":4,"featured_media":0,"parent":0,"menu_order":0,"comment_status":"closed","ping_status":"closed","template":"template-1c.php","meta":{"footnotes":""},"class_list":["post-7253","page","type-page","status-publish","hentry"],"yoast_head":"<!-- This site is optimized with the Yoast SEO plugin v27.3 - https:\/\/yoast.com\/product\/yoast-seo-wordpress\/ -->\n<title>Ricerca &amp; Collaborazioni - Ekuberg Pharma<\/title>\n<meta name=\"robots\" content=\"index, follow, max-snippet:-1, max-image-preview:large, max-video-preview:-1\" \/>\n<link rel=\"canonical\" href=\"http:\/\/ekubergpharma.com\/research\/\" \/>\n<meta property=\"og:locale\" content=\"it_IT\" \/>\n<meta property=\"og:type\" content=\"article\" \/>\n<meta property=\"og:title\" content=\"Ricerca &amp; Collaborazioni - Ekuberg Pharma\" \/>\n<meta property=\"og:description\" content=\"&nbsp; \u201cNiente nella vita va temuto, dev\u2019essere solamente compreso. Ora \u00e8 tempo di comprendere di pi\u00f9, cos\u00ec possiamo temere di meno\u201d \u00a0Marie Curie &nbsp;\" \/>\n<meta property=\"og:url\" content=\"http:\/\/ekubergpharma.com\/research\/\" \/>\n<meta property=\"og:site_name\" content=\"Ekuberg Pharma\" \/>\n<meta property=\"article:modified_time\" content=\"2020-06-26T16:43:38+00:00\" \/>\n<meta name=\"twitter:card\" content=\"summary_large_image\" \/>\n<meta name=\"twitter:label1\" content=\"Tempo di lettura stimato\" \/>\n\t<meta name=\"twitter:data1\" content=\"1 minuto\" \/>\n<script type=\"application\/ld+json\" class=\"yoast-schema-graph\">{\"@context\":\"https:\\\/\\\/schema.org\",\"@graph\":[{\"@type\":\"WebPage\",\"@id\":\"http:\\\/\\\/ekubergpharma.com\\\/research\\\/\",\"url\":\"http:\\\/\\\/ekubergpharma.com\\\/research\\\/\",\"name\":\"Ricerca & Collaborazioni - Ekuberg Pharma\",\"isPartOf\":{\"@id\":\"https:\\\/\\\/ekubergpharma.com\\\/#website\"},\"datePublished\":\"2016-07-26T17:25:08+00:00\",\"dateModified\":\"2020-06-26T16:43:38+00:00\",\"breadcrumb\":{\"@id\":\"http:\\\/\\\/ekubergpharma.com\\\/research\\\/#breadcrumb\"},\"inLanguage\":\"it-IT\",\"potentialAction\":[{\"@type\":\"ReadAction\",\"target\":[\"http:\\\/\\\/ekubergpharma.com\\\/research\\\/\"]}]},{\"@type\":\"BreadcrumbList\",\"@id\":\"http:\\\/\\\/ekubergpharma.com\\\/research\\\/#breadcrumb\",\"itemListElement\":[{\"@type\":\"ListItem\",\"position\":1,\"name\":\"Home\",\"item\":\"http:\\\/\\\/ekubergpharma.com\\\/\"},{\"@type\":\"ListItem\",\"position\":2,\"name\":\"Ricerca &#038; Collaborazioni\"}]},{\"@type\":\"WebSite\",\"@id\":\"https:\\\/\\\/ekubergpharma.com\\\/#website\",\"url\":\"https:\\\/\\\/ekubergpharma.com\\\/\",\"name\":\"Ekuberg Pharma\",\"description\":\"Il benessere che nasce dalla scienza\",\"publisher\":{\"@id\":\"https:\\\/\\\/ekubergpharma.com\\\/#organization\"},\"potentialAction\":[{\"@type\":\"SearchAction\",\"target\":{\"@type\":\"EntryPoint\",\"urlTemplate\":\"https:\\\/\\\/ekubergpharma.com\\\/?s={search_term_string}\"},\"query-input\":{\"@type\":\"PropertyValueSpecification\",\"valueRequired\":true,\"valueName\":\"search_term_string\"}}],\"inLanguage\":\"it-IT\"},{\"@type\":\"Organization\",\"@id\":\"https:\\\/\\\/ekubergpharma.com\\\/#organization\",\"name\":\"Ekuberg Pharma s.r.l.\",\"url\":\"https:\\\/\\\/ekubergpharma.com\\\/\",\"logo\":{\"@type\":\"ImageObject\",\"inLanguage\":\"it-IT\",\"@id\":\"https:\\\/\\\/ekubergpharma.com\\\/#\\\/schema\\\/logo\\\/image\\\/\",\"url\":\"https:\\\/\\\/ekubergpharma.com\\\/wp-content\\\/uploads\\\/2016\\\/07\\\/logo-ekuberg-1.png\",\"contentUrl\":\"https:\\\/\\\/ekubergpharma.com\\\/wp-content\\\/uploads\\\/2016\\\/07\\\/logo-ekuberg-1.png\",\"width\":250,\"height\":75,\"caption\":\"Ekuberg Pharma s.r.l.\"},\"image\":{\"@id\":\"https:\\\/\\\/ekubergpharma.com\\\/#\\\/schema\\\/logo\\\/image\\\/\"}}]}<\/script>\n<!-- \/ Yoast SEO plugin. -->","yoast_head_json":{"title":"Ricerca & Collaborazioni - Ekuberg Pharma","robots":{"index":"index","follow":"follow","max-snippet":"max-snippet:-1","max-image-preview":"max-image-preview:large","max-video-preview":"max-video-preview:-1"},"canonical":"http:\/\/ekubergpharma.com\/research\/","og_locale":"it_IT","og_type":"article","og_title":"Ricerca & Collaborazioni - Ekuberg Pharma","og_description":"&nbsp; \u201cNiente nella vita va temuto, dev\u2019essere solamente compreso. Ora \u00e8 tempo di comprendere di pi\u00f9, cos\u00ec possiamo temere di meno\u201d \u00a0Marie Curie &nbsp;","og_url":"http:\/\/ekubergpharma.com\/research\/","og_site_name":"Ekuberg Pharma","article_modified_time":"2020-06-26T16:43:38+00:00","twitter_card":"summary_large_image","twitter_misc":{"Tempo di lettura stimato":"1 minuto"},"schema":{"@context":"https:\/\/schema.org","@graph":[{"@type":"WebPage","@id":"http:\/\/ekubergpharma.com\/research\/","url":"http:\/\/ekubergpharma.com\/research\/","name":"Ricerca & Collaborazioni - Ekuberg Pharma","isPartOf":{"@id":"https:\/\/ekubergpharma.com\/#website"},"datePublished":"2016-07-26T17:25:08+00:00","dateModified":"2020-06-26T16:43:38+00:00","breadcrumb":{"@id":"http:\/\/ekubergpharma.com\/research\/#breadcrumb"},"inLanguage":"it-IT","potentialAction":[{"@type":"ReadAction","target":["http:\/\/ekubergpharma.com\/research\/"]}]},{"@type":"BreadcrumbList","@id":"http:\/\/ekubergpharma.com\/research\/#breadcrumb","itemListElement":[{"@type":"ListItem","position":1,"name":"Home","item":"http:\/\/ekubergpharma.com\/"},{"@type":"ListItem","position":2,"name":"Ricerca &#038; Collaborazioni"}]},{"@type":"WebSite","@id":"https:\/\/ekubergpharma.com\/#website","url":"https:\/\/ekubergpharma.com\/","name":"Ekuberg Pharma","description":"Il benessere che nasce dalla scienza","publisher":{"@id":"https:\/\/ekubergpharma.com\/#organization"},"potentialAction":[{"@type":"SearchAction","target":{"@type":"EntryPoint","urlTemplate":"https:\/\/ekubergpharma.com\/?s={search_term_string}"},"query-input":{"@type":"PropertyValueSpecification","valueRequired":true,"valueName":"search_term_string"}}],"inLanguage":"it-IT"},{"@type":"Organization","@id":"https:\/\/ekubergpharma.com\/#organization","name":"Ekuberg Pharma s.r.l.","url":"https:\/\/ekubergpharma.com\/","logo":{"@type":"ImageObject","inLanguage":"it-IT","@id":"https:\/\/ekubergpharma.com\/#\/schema\/logo\/image\/","url":"https:\/\/ekubergpharma.com\/wp-content\/uploads\/2016\/07\/logo-ekuberg-1.png","contentUrl":"https:\/\/ekubergpharma.com\/wp-content\/uploads\/2016\/07\/logo-ekuberg-1.png","width":250,"height":75,"caption":"Ekuberg Pharma s.r.l."},"image":{"@id":"https:\/\/ekubergpharma.com\/#\/schema\/logo\/image\/"}}]}},"_links":{"self":[{"href":"https:\/\/ekubergpharma.com\/it\/wp-json\/wp\/v2\/pages\/7253","targetHints":{"allow":["GET"]}}],"collection":[{"href":"https:\/\/ekubergpharma.com\/it\/wp-json\/wp\/v2\/pages"}],"about":[{"href":"https:\/\/ekubergpharma.com\/it\/wp-json\/wp\/v2\/types\/page"}],"author":[{"embeddable":true,"href":"https:\/\/ekubergpharma.com\/it\/wp-json\/wp\/v2\/users\/4"}],"replies":[{"embeddable":true,"href":"https:\/\/ekubergpharma.com\/it\/wp-json\/wp\/v2\/comments?post=7253"}],"version-history":[{"count":41,"href":"https:\/\/ekubergpharma.com\/it\/wp-json\/wp\/v2\/pages\/7253\/revisions"}],"predecessor-version":[{"id":8066,"href":"https:\/\/ekubergpharma.com\/it\/wp-json\/wp\/v2\/pages\/7253\/revisions\/8066"}],"wp:attachment":[{"href":"https:\/\/ekubergpharma.com\/it\/wp-json\/wp\/v2\/media?parent=7253"}],"curies":[{"name":"wp","href":"https:\/\/api.w.org\/{rel}","templated":true}]}}